{"id":4473,"date":"2018-09-25T13:26:09","date_gmt":"2018-09-25T13:26:09","guid":{"rendered":"http:\/\/www.lesvictor.com\/produit\/lens-xcd-28-135-mm\/"},"modified":"2018-09-25T13:26:09","modified_gmt":"2018-09-25T13:26:09","slug":"lens-xcd-28-135-mm","status":"publish","type":"product","link":"http:\/\/www.lesvictor.com\/en\/produit\/lens-xcd-28-135-mm\/","title":{"rendered":"Lens XCD \u01922,8\/ 135 mm"},"content":{"rendered":"<p>Le 2,8\/135 XCD est un t\u00e9l\u00e9objectif court offrant une distance focale de 135 mm. Il se compare \u00e0 un objectif plein format de 105 mm, ce qui le rend parfait pour la photographie de portrait ou de paysage. Le XCD 135mm dispose d&#8217;une distance de mise au point minimum de 1 m (\u00e9chelle 1: 5.8 et 1: 3.4) et d&#8217;une plage d&#8217;ouverture comprise entre 2,8 et 32. Associ\u00e9 au Convertisseur X 1,7 d\u00e9di\u00e9, la distance focale de l&#8217;objectif augmente \u00e0 230 mm, fournissant une \u00e9quivalence plein format de 178 mm avec une plage d&#8217;ouverture de 4,8-32. <a href=\"http:\/\/www.lesvictor.com\/produit\/lens-xcd-28-135-mm-convertisseur-x17\/\" rel=\"noopener noreferrer\" target=\"_blank\">->Lens XCD \u01922,8\/135mm avec convertisseur<\/a><\/p>\n<p>Comme les autres objectifs XCD, le XCD 2,8\/135 dispose d&#8217;un obturateur central int\u00e9gr\u00e9 offrant des temps d&#8217;exposition de 60 minutes \u00e0 1\/2000s avec synchro au flash \u00e0 toutes les vitesses.<\/p>\n","protected":false},"excerpt":{"rendered":"<p>Le 2,8\/135 XCD est un t\u00e9l\u00e9objectif court offrant une distance focale de 135 mm. Il se compare \u00e0 un objectif plein format de 105 mm, ce qui le rend parfait pour la photographie de portrait ou de paysage. Le XCD 135mm dispose d&#8217;une distance de mise au point minimum de 1 m (\u00e9chelle 1: 5.8 [&#8230;]<\/p>\n<p><a class=\"btn btn-secondary understrap-read-more-link\" href=\"http:\/\/www.lesvictor.com\/en\/produit\/lens-xcd-28-135-mm\/\">Read More&#8230;<\/a><\/p>\n","protected":false},"featured_media":5895,"comment_status":"open","ping_status":"closed","template":"","meta":[],"product_cat":[691,678,679,681],"product_tag":[],"_links":{"self":[{"href":"http:\/\/www.lesvictor.com\/en\/wp-json\/wp\/v2\/product\/4473"}],"collection":[{"href":"http:\/\/www.lesvictor.com\/en\/wp-json\/wp\/v2\/product"}],"about":[{"href":"http:\/\/www.lesvictor.com\/en\/wp-json\/wp\/v2\/types\/product"}],"replies":[{"embeddable":true,"href":"http:\/\/www.lesvictor.com\/en\/wp-json\/wp\/v2\/comments?post=4473"}],"wp:featuredmedia":[{"embeddable":true,"href":"http:\/\/www.lesvictor.com\/en\/wp-json\/wp\/v2\/media\/5895"}],"wp:attachment":[{"href":"http:\/\/www.lesvictor.com\/en\/wp-json\/wp\/v2\/media?parent=4473"}],"wp:term":[{"taxonomy":"product_cat","embeddable":true,"href":"http:\/\/www.lesvictor.com\/en\/wp-json\/wp\/v2\/product_cat?post=4473"},{"taxonomy":"product_tag","embeddable":true,"href":"http:\/\/www.lesvictor.com\/en\/wp-json\/wp\/v2\/product_tag?post=4473"}],"curies":[{"name":"wp","href":"https:\/\/api.w.org\/{rel}","templated":true}]}}