{"id":5252,"date":"2016-11-13T11:23:56","date_gmt":"2016-11-13T11:23:56","guid":{"rendered":"http:\/\/www.lesvictor.com\/produit\/pro-10-2400-airttl\/"},"modified":"2016-11-13T11:23:56","modified_gmt":"2016-11-13T11:23:56","slug":"pro-10-2400-airttl","status":"publish","type":"product","link":"http:\/\/www.lesvictor.com\/en\/produit\/pro-10-2400-airttl\/","title":{"rendered":"Pro-10 2400 AirTTL"},"content":{"rendered":"<p>Des raisons de choisir le Pro-10:<\/p>\n<p>Une vitesse r\u00e9volutionnaire<br \/>\nLe Pro-10 permet de figer avec des dur\u00e9es d\u2019\u00e9clair allant jusqu\u2019\u00e0 1\/80 000 de seconde.<\/p>\n<p>Exigez la pr\u00e9cision<br \/>\nLe Pro-10 offre une amplitude de puissance de 11 diaphragmes allant de 2,4 \u00e0 2 400 Ws, ajustables par incr\u00e9ments de 1\/10e sur les deux sorties qui peuvent \u00eatre r\u00e9gl\u00e9es de fa\u00e7on compl\u00e8tement asym\u00e9trique. Vous disposez ainsi d\u2019un contr\u00f4le complet pour photographier avec puissance et pr\u00e9cision.<\/p>\n<p>Une puissance impressionnante<br \/>\nLa puissance de 2 400 Ws permet une dur\u00e9e d\u2019\u00e9clair plus courte que celle des autres flashes.<\/p>\n<p>Photographiez en rafale<br \/>\nLe Pro-10 permet de d\u00e9clencher jusqu\u2019\u00e0 50 \u00e9clairs par seconde. Il s&#8217;aligne sur les appareils photo les plus rapides, m\u00eame \u00e0 puissance \u00e9lev\u00e9e. Le mode rafale permet de capturer le moment parfait sur une s\u00e9rie d\u2019expositions ultrarapides.<\/p>\n<p>Performant et solide<br \/>\nCon\u00e7u pour photographier de fa\u00e7on intensive et test\u00e9 dans les environnements les plus rudes, le Pro-10 offrira des performances toujours exceptionnelles dans 20 ans<\/p>\n<p>Prise de vue en mode TTL ou manuel.<\/p>\n<p>Compatible avec 11 t\u00eates flashes et avec la gamme de modeleurs Profoto (hors OCF).<\/p>\n","protected":false},"excerpt":{"rendered":"<p>Des raisons de choisir le Pro-10: Une vitesse r\u00e9volutionnaire Le Pro-10 permet de figer avec des dur\u00e9es d\u2019\u00e9clair allant jusqu\u2019\u00e0 1\/80 000 de seconde. Exigez la pr\u00e9cision Le Pro-10 offre une amplitude de puissance de 11 diaphragmes allant de 2,4 \u00e0 2 400 Ws, ajustables par incr\u00e9ments de 1\/10e sur les deux sorties qui peuvent [&#8230;]<\/p>\n<p><a class=\"btn btn-secondary understrap-read-more-link\" href=\"http:\/\/www.lesvictor.com\/en\/produit\/pro-10-2400-airttl\/\">Read More&#8230;<\/a><\/p>\n","protected":false},"featured_media":3883,"comment_status":"closed","ping_status":"closed","template":"","meta":[],"product_cat":[877,882],"product_tag":[],"_links":{"self":[{"href":"http:\/\/www.lesvictor.com\/en\/wp-json\/wp\/v2\/product\/5252"}],"collection":[{"href":"http:\/\/www.lesvictor.com\/en\/wp-json\/wp\/v2\/product"}],"about":[{"href":"http:\/\/www.lesvictor.com\/en\/wp-json\/wp\/v2\/types\/product"}],"replies":[{"embeddable":true,"href":"http:\/\/www.lesvictor.com\/en\/wp-json\/wp\/v2\/comments?post=5252"}],"wp:featuredmedia":[{"embeddable":true,"href":"http:\/\/www.lesvictor.com\/en\/wp-json\/wp\/v2\/media\/3883"}],"wp:attachment":[{"href":"http:\/\/www.lesvictor.com\/en\/wp-json\/wp\/v2\/media?parent=5252"}],"wp:term":[{"taxonomy":"product_cat","embeddable":true,"href":"http:\/\/www.lesvictor.com\/en\/wp-json\/wp\/v2\/product_cat?post=5252"},{"taxonomy":"product_tag","embeddable":true,"href":"http:\/\/www.lesvictor.com\/en\/wp-json\/wp\/v2\/product_tag?post=5252"}],"curies":[{"name":"wp","href":"https:\/\/api.w.org\/{rel}","templated":true}]}}