{"id":5258,"date":"2016-11-13T11:23:40","date_gmt":"2016-11-13T11:23:40","guid":{"rendered":"http:\/\/www.lesvictor.com\/produit\/air-remote-en\/"},"modified":"2016-11-13T11:23:40","modified_gmt":"2016-11-13T11:23:40","slug":"air-remote-en","status":"publish","type":"product","link":"http:\/\/www.lesvictor.com\/en\/produit\/air-remote-en\/","title":{"rendered":"Air Remote"},"content":{"rendered":"<p>R\u00e9glage \u00e0 distance et synchronisation sans c\u00e2ble<\/p>\n<li>Contr\u00f4le complet des flashs.<\/li>\n<li>R\u00e9ception et transmission.<\/li>\n<li>Port\u00e9e jusqu&#8217;\u00e0 300m.<\/li>\n<li>Synchronisation boitier \u00e0 distance.<\/li>\n<li>Antenne int\u00e9gr\u00e9e.<\/li>\n<li>Utilisation mondiale \u00e0 2,4GHz.<\/li>\n<li>Extinction automatique.<\/li>\n<li>Possibilit\u00e9 de r\u00e9gler les flashs \u00e0 distance.<\/li>\n<p>&nbsp;<\/p>\n","protected":false},"excerpt":{"rendered":"<p><a href=\"http:\/\/www.lesvictor.com\/work\/wp-content\/uploads\/2016\/11\/Profoto-1972_Profoto-Product-Sheet-Air-Remote-EN.pdf\">Air Remote Data Sheet EN .pdf<\/a> [&#8230;]<\/p>\n<p><a class=\"btn btn-secondary understrap-read-more-link\" href=\"http:\/\/www.lesvictor.com\/en\/produit\/air-remote-en\/\">Read More&#8230;<\/a><\/p>\n","protected":false},"featured_media":3890,"comment_status":"closed","ping_status":"closed","template":"","meta":[],"product_cat":[691,877,878],"product_tag":[],"_links":{"self":[{"href":"http:\/\/www.lesvictor.com\/en\/wp-json\/wp\/v2\/product\/5258"}],"collection":[{"href":"http:\/\/www.lesvictor.com\/en\/wp-json\/wp\/v2\/product"}],"about":[{"href":"http:\/\/www.lesvictor.com\/en\/wp-json\/wp\/v2\/types\/product"}],"replies":[{"embeddable":true,"href":"http:\/\/www.lesvictor.com\/en\/wp-json\/wp\/v2\/comments?post=5258"}],"wp:featuredmedia":[{"embeddable":true,"href":"http:\/\/www.lesvictor.com\/en\/wp-json\/wp\/v2\/media\/3890"}],"wp:attachment":[{"href":"http:\/\/www.lesvictor.com\/en\/wp-json\/wp\/v2\/media?parent=5258"}],"wp:term":[{"taxonomy":"product_cat","embeddable":true,"href":"http:\/\/www.lesvictor.com\/en\/wp-json\/wp\/v2\/product_cat?post=5258"},{"taxonomy":"product_tag","embeddable":true,"href":"http:\/\/www.lesvictor.com\/en\/wp-json\/wp\/v2\/product_tag?post=5258"}],"curies":[{"name":"wp","href":"https:\/\/api.w.org\/{rel}","templated":true}]}}