{"id":5260,"date":"2016-11-13T11:23:40","date_gmt":"2016-11-13T11:23:40","guid":{"rendered":"http:\/\/www.lesvictor.com\/produit\/air-remote-ttl-en\/"},"modified":"2016-11-13T11:23:40","modified_gmt":"2016-11-13T11:23:40","slug":"air-remote-ttl-en","status":"publish","type":"product","link":"http:\/\/www.lesvictor.com\/en\/produit\/air-remote-ttl-en\/","title":{"rendered":"Air Remote TTL C \/ N \/ S \/ O \/ F"},"content":{"rendered":"<p>Connectez ce petit module \u00e0 votre boitier et faites le lien, sans fil, entre votre appareil photo et le flash. Peut \u00eatre r\u00e9gl\u00e9 en TTL (automatique) ou manuel pour un contr\u00f4le total. Port\u00e9e jusqu&#8217;\u00e0 300m sans aucun c\u00e2ble.<\/p>\n<ul>\n<li>Connecte le Flash et votre appareil <strong>Canon, Nikon, Sony, Olympus ou Fuji<\/strong> sans fil.<\/li>\n<li>Mode TTL pour r\u00e9aliser des images avec un simple &#8220;viser-d\u00e9clencher&#8221;.<\/li>\n<li>Mode manuel pour un contr\u00f4le total.<\/li>\n<li>Peut aussi \u00eatre utilis\u00e9 pour la synchronisation et le pilotage de tout produit Profoto compatible Air<\/li>\n<li>Port\u00e9e jusqu&#8217;\u00e0 300m.<\/li>\n<li>Bande de fr\u00e9quence ouverte (2.4 GHz).<\/li>\n<li>Agr\u00e9e pour un usage partout dans le monde.<\/li>\n<li>Port USB pour mises \u00e0 jour firmware gratuites.<\/li>\n<li>Compact et maniable.<\/li>\n<\/ul>\n<p>&nbsp;<\/p>\n","protected":false},"excerpt":{"rendered":"<p><a href=\"http:\/\/www.lesvictor.com\/work\/wp-content\/uploads\/2016\/11\/Profoto-1760_Air-Remote-TTL-C-Product-Sheet-EN.pdf\">Air Remote TTL C Data sheet EN .pdf<\/a><\/p>\n<p><a href=\"http:\/\/www.lesvictor.com\/work\/wp-content\/uploads\/2016\/11\/Profoto-2207_Air-Remote-TTL-N-User-Guide-FR.pdf\">Air Remote TTL C Guide Utilisateur FR .pdf<\/a><\/p>\n<p><a href=\"http:\/\/www.lesvictor.com\/work\/wp-content\/uploads\/2016\/11\/Profoto-2346_Air-Remote-TTL-N-User-Guide-EN.pdf\">Air Remote TTL N User Guide N .pdf<\/a><\/p>\n<p> [&#8230;]<\/p>\n<p><a class=\"btn btn-secondary understrap-read-more-link\" href=\"http:\/\/www.lesvictor.com\/en\/produit\/air-remote-ttl-en\/\">Read More&#8230;<\/a><\/p>\n","protected":false},"featured_media":3887,"comment_status":"closed","ping_status":"closed","template":"","meta":[],"product_cat":[691,878],"product_tag":[],"_links":{"self":[{"href":"http:\/\/www.lesvictor.com\/en\/wp-json\/wp\/v2\/product\/5260"}],"collection":[{"href":"http:\/\/www.lesvictor.com\/en\/wp-json\/wp\/v2\/product"}],"about":[{"href":"http:\/\/www.lesvictor.com\/en\/wp-json\/wp\/v2\/types\/product"}],"replies":[{"embeddable":true,"href":"http:\/\/www.lesvictor.com\/en\/wp-json\/wp\/v2\/comments?post=5260"}],"wp:featuredmedia":[{"embeddable":true,"href":"http:\/\/www.lesvictor.com\/en\/wp-json\/wp\/v2\/media\/3887"}],"wp:attachment":[{"href":"http:\/\/www.lesvictor.com\/en\/wp-json\/wp\/v2\/media?parent=5260"}],"wp:term":[{"taxonomy":"product_cat","embeddable":true,"href":"http:\/\/www.lesvictor.com\/en\/wp-json\/wp\/v2\/product_cat?post=5260"},{"taxonomy":"product_tag","embeddable":true,"href":"http:\/\/www.lesvictor.com\/en\/wp-json\/wp\/v2\/product_tag?post=5260"}],"curies":[{"name":"wp","href":"https:\/\/api.w.org\/{rel}","templated":true}]}}